{"id":123,"date":"2020-04-12T14:34:16","date_gmt":"2020-04-12T14:34:16","guid":{"rendered":"https:\/\/jupiterx.artbees.net\/internet-company\/?page_id=123"},"modified":"2025-01-31T14:28:00","modified_gmt":"2025-01-31T13:28:00","slug":"blog","status":"publish","type":"page","link":"https:\/\/medisur.devmwp.com\/en\/blog\/","title":{"rendered":"Blog"},"content":{"rendered":"<div data-elementor-type=\"wp-page\" data-elementor-id=\"123\" class=\"elementor elementor-123\" data-elementor-post-type=\"page\">\n\t\t\t\t\t\t<section class=\"elementor-section elementor-top-section elementor-element elementor-element-454e66d elementor-section-boxed elementor-section-height-default elementor-section-height-default\" data-id=\"454e66d\" data-element_type=\"section\" data-settings=\"{&quot;jet_parallax_layout_list&quot;:[]}\">\n\t\t\t\t\t\t<div class=\"elementor-container elementor-column-gap-default\">\n\t\t\t\t\t<div class=\"elementor-column elementor-col-100 elementor-top-column elementor-element elementor-element-2b639ef\" data-id=\"2b639ef\" data-element_type=\"column\">\n\t\t\t<div class=\"elementor-widget-wrap elementor-element-populated\">\n\t\t\t\t\t\t<div class=\"elementor-element elementor-element-fee5d78 elementor-search-form--skin-minimal elementor-widget elementor-widget-search-form\" data-id=\"fee5d78\" data-element_type=\"widget\" data-settings=\"{&quot;skin&quot;:&quot;minimal&quot;}\" data-widget_type=\"search-form.default\">\n\t\t\t\t<div class=\"elementor-widget-container\">\n\t\t\t\t\t\t\t<search role=\"search\">\n\t\t\t<form class=\"elementor-search-form\" action=\"https:\/\/medisur.devmwp.com\/en\/\" method=\"get\" data-trp-original-action=\"https:\/\/medisur.devmwp.com\/en\">\n\t\t\t\t\t\t\t\t\t\t\t\t<div class=\"elementor-search-form__container\">\n\t\t\t\t\t<label class=\"elementor-screen-only\" for=\"elementor-search-form-fee5d78\">Search<\/label>\n\n\t\t\t\t\t\t\t\t\t\t\t<div class=\"elementor-search-form__icon\">\n\t\t\t\t\t\t\t<i aria-hidden=\"true\" class=\"fas fa-search\"><\/i>\t\t\t\t\t\t\t<span class=\"elementor-screen-only\">Search<\/span>\n\t\t\t\t\t\t<\/div>\n\t\t\t\t\t\n\t\t\t\t\t<input id=\"elementor-search-form-fee5d78\" placeholder=\"To research....\" class=\"elementor-search-form__input\" type=\"search\" name=\"s\" value=\"\">\n\t\t\t\t\t\n\t\t\t\t\t\n\t\t\t\t\t\t\t\t\t<\/div>\n\t\t\t<input type=\"hidden\" name=\"trp-form-language\" value=\"en\"\/><\/form>\n\t\t<\/search>\n\t\t\t\t\t\t<\/div>\n\t\t\t\t<\/div>\n\t\t\t\t<div class=\"elementor-element elementor-element-1d4a10a elementor-grid-3 elementor-grid-tablet-2 elementor-grid-mobile-1 elementor-posts--thumbnail-top elementor-card-shadow-yes elementor-posts__hover-gradient elementor-widget elementor-widget-posts\" data-id=\"1d4a10a\" data-element_type=\"widget\" data-settings=\"{&quot;pagination_type&quot;:&quot;load_more_infinite_scroll&quot;,&quot;cards_columns&quot;:&quot;3&quot;,&quot;cards_columns_tablet&quot;:&quot;2&quot;,&quot;cards_columns_mobile&quot;:&quot;1&quot;,&quot;cards_row_gap&quot;:{&quot;unit&quot;:&quot;px&quot;,&quot;size&quot;:35,&quot;sizes&quot;:[]},&quot;cards_row_gap_tablet&quot;:{&quot;unit&quot;:&quot;px&quot;,&quot;size&quot;:&quot;&quot;,&quot;sizes&quot;:[]},&quot;cards_row_gap_mobile&quot;:{&quot;unit&quot;:&quot;px&quot;,&quot;size&quot;:&quot;&quot;,&quot;sizes&quot;:[]},&quot;load_more_spinner&quot;:{&quot;value&quot;:&quot;fas fa-spinner&quot;,&quot;library&quot;:&quot;fa-solid&quot;}}\" data-widget_type=\"posts.cards\">\n\t\t\t\t<div class=\"elementor-widget-container\">\n\t\t\t\t\t\t\t<div class=\"elementor-posts-container elementor-posts elementor-posts--skin-cards elementor-grid\">\n\t\t\t\t<article class=\"elementor-post elementor-grid-item post-21686 post type-post status-publish format-standard has-post-thumbnail hentry category-actualites category-sante_travail\">\n\t\t\t<div class=\"elementor-post__card\">\n\t\t\t\t<a class=\"elementor-post__thumbnail__link\" href=\"https:\/\/medisur.devmwp.com\/en\/semaine-qvct-2025\/\" tabindex=\"-1\" ><div class=\"elementor-post__thumbnail\"><img fetchpriority=\"high\" decoding=\"async\" width=\"300\" height=\"188\" src=\"https:\/\/medisur.devmwp.com\/wp-content\/uploads\/2025\/03\/semaine-qvct-dialogue-salaries-entreprise-300x188.png\" class=\"attachment-medium size-medium wp-image-21705\" alt=\"Coll\u00e8gues en discussion, illustrant l\u2019importance du dialogue en entreprise pour am\u00e9liorer la QVCT\" srcset=\"https:\/\/medisur.devmwp.com\/wp-content\/uploads\/2025\/03\/semaine-qvct-dialogue-salaries-entreprise-300x188.png 300w, https:\/\/medisur.devmwp.com\/wp-content\/uploads\/2025\/03\/semaine-qvct-dialogue-salaries-entreprise-18x12.png 18w, https:\/\/medisur.devmwp.com\/wp-content\/uploads\/2025\/03\/semaine-qvct-dialogue-salaries-entreprise.png 500w\" sizes=\"(max-width: 300px) 100vw, 300px\" \/><\/div><\/a>\n\t\t\t\t<div class=\"elementor-post__badge\">News<\/div>\n\t\t\t\t<div class=\"elementor-post__text\">\n\t\t\t\t<h3 class=\"elementor-post__title\">\n\t\t\t<a href=\"https:\/\/medisur.devmwp.com\/en\/semaine-qvct-2025\/\" >\n\t\t\t\tQVCT Week 2025\u00a0\t\t\t<\/a>\n\t\t<\/h3>\n\t\t\t\t<div class=\"elementor-post__excerpt\">\n\t\t\t<p>QVCT Week 2025: The 7 key actions for an impactful event Why Organize a QVCT Event in 2025? The Week of<\/p>\n\t\t<\/div>\n\t\t\t\t\t<div class=\"elementor-post__read-more-wrapper\">\n\t\t\n\t\t<a class=\"elementor-post__read-more\" href=\"https:\/\/medisur.devmwp.com\/en\/semaine-qvct-2025\/\" aria-label=\"Read more about Semaine de la QVCT 2025\u00a0\" tabindex=\"-1\" >\n\t\t\tRead more \u00bb\t\t<\/a>\n\n\t\t\t\t\t<\/div>\n\t\t\t\t<\/div>\n\t\t\t\t\t<\/div>\n\t\t<\/article>\n\t\t\t\t<article class=\"elementor-post elementor-grid-item post-19613 post type-post status-publish format-standard has-post-thumbnail hentry category-actualites category-sante_travail category-sante_globale category-sante_mentale tag-bien-etre tag-prevention tag-qvt tag-sante-au-travail tag-sante-mentale tag-securite\">\n\t\t\t<div class=\"elementor-post__card\">\n\t\t\t\t<a class=\"elementor-post__thumbnail__link\" href=\"https:\/\/medisur.devmwp.com\/en\/tendances-sante-qvt-securite-au-travail-2025\/\" tabindex=\"-1\" ><div class=\"elementor-post__thumbnail\"><img decoding=\"async\" width=\"300\" height=\"200\" src=\"https:\/\/medisur.devmwp.com\/wp-content\/uploads\/2025\/01\/tendances-sante-qvt-securite-au-travail-2025-300x200.jpg\" class=\"attachment-medium size-medium wp-image-19653\" alt=\"tendances sant\u00e9, QVT et s\u00e9curit\u00e9 au travail en 2025, incluant la sant\u00e9 mentale, le travail hybride et la pr\u00e9vention des risques\" srcset=\"https:\/\/medisur.devmwp.com\/wp-content\/uploads\/2025\/01\/tendances-sante-qvt-securite-au-travail-2025-300x200.jpg 300w, https:\/\/medisur.devmwp.com\/wp-content\/uploads\/2025\/01\/tendances-sante-qvt-securite-au-travail-2025-18x12.jpg 18w, https:\/\/medisur.devmwp.com\/wp-content\/uploads\/2025\/01\/tendances-sante-qvt-securite-au-travail-2025.jpg 400w\" sizes=\"(max-width: 300px) 100vw, 300px\" \/><\/div><\/a>\n\t\t\t\t<div class=\"elementor-post__badge\">News<\/div>\n\t\t\t\t<div class=\"elementor-post__text\">\n\t\t\t\t<h3 class=\"elementor-post__title\">\n\t\t\t<a href=\"https:\/\/medisur.devmwp.com\/en\/tendances-sante-qvt-securite-au-travail-2025\/\" >\n\t\t\t\tHealth, QVT and safety at work trends in 2025\t\t\t<\/a>\n\t\t<\/h3>\n\t\t\t\t<div class=\"elementor-post__excerpt\">\n\t\t\t<p>In 2025, health, quality of working life (QWL) and safety are evolving with key trends that are redefining the future of work. <\/p>\n\t\t<\/div>\n\t\t\t\t\t<div class=\"elementor-post__read-more-wrapper\">\n\t\t\n\t\t<a class=\"elementor-post__read-more\" href=\"https:\/\/medisur.devmwp.com\/en\/tendances-sante-qvt-securite-au-travail-2025\/\" aria-label=\"Read more about Les tendances sant\u00e9, qvt et s\u00e9curit\u00e9 au travail en 2025\" tabindex=\"-1\" >\n\t\t\tRead more \u00bb\t\t<\/a>\n\n\t\t\t\t\t<\/div>\n\t\t\t\t<\/div>\n\t\t\t\t\t<\/div>\n\t\t<\/article>\n\t\t\t\t<article class=\"elementor-post elementor-grid-item post-14673 post type-post status-publish format-standard has-post-thumbnail hentry category-actualites category-sante_travail category-sante_globale\">\n\t\t\t<div class=\"elementor-post__card\">\n\t\t\t\t<a class=\"elementor-post__thumbnail__link\" href=\"https:\/\/medisur.devmwp.com\/en\/tendances-prevention-sante-qvt-2024\/\" tabindex=\"-1\" ><div class=\"elementor-post__thumbnail\"><img decoding=\"async\" width=\"300\" height=\"200\" src=\"https:\/\/medisur.devmwp.com\/wp-content\/uploads\/2024\/01\/luke-chesser-rCOWMC8qf8A-unsplash-300x200.jpg\" class=\"attachment-medium size-medium wp-image-14682\" alt=\"\" srcset=\"https:\/\/medisur.devmwp.com\/wp-content\/uploads\/2024\/01\/luke-chesser-rCOWMC8qf8A-unsplash-300x200.jpg 300w, https:\/\/medisur.devmwp.com\/wp-content\/uploads\/2024\/01\/luke-chesser-rCOWMC8qf8A-unsplash-1024x683.jpg 1024w, https:\/\/medisur.devmwp.com\/wp-content\/uploads\/2024\/01\/luke-chesser-rCOWMC8qf8A-unsplash-768x512.jpg 768w, https:\/\/medisur.devmwp.com\/wp-content\/uploads\/2024\/01\/luke-chesser-rCOWMC8qf8A-unsplash-1536x1024.jpg 1536w, https:\/\/medisur.devmwp.com\/wp-content\/uploads\/2024\/01\/luke-chesser-rCOWMC8qf8A-unsplash-18x12.jpg 18w, https:\/\/medisur.devmwp.com\/wp-content\/uploads\/2024\/01\/luke-chesser-rCOWMC8qf8A-unsplash-600x400.jpg 600w, https:\/\/medisur.devmwp.com\/wp-content\/uploads\/2024\/01\/luke-chesser-rCOWMC8qf8A-unsplash.jpg 1920w\" sizes=\"(max-width: 300px) 100vw, 300px\" \/><\/div><\/a>\n\t\t\t\t<div class=\"elementor-post__badge\">News<\/div>\n\t\t\t\t<div class=\"elementor-post__text\">\n\t\t\t\t<h3 class=\"elementor-post__title\">\n\t\t\t<a href=\"https:\/\/medisur.devmwp.com\/en\/tendances-prevention-sante-qvt-2024\/\" >\n\t\t\t\tThe 20 trends in health prevention and quality of life at work in 2024\t\t\t<\/a>\n\t\t<\/h3>\n\t\t\t\t<div class=\"elementor-post__excerpt\">\n\t\t\t<p>The constant evolution of the health sector and the professional world has generated major trends in health prevention and quality of<\/p>\n\t\t<\/div>\n\t\t\t\t\t<div class=\"elementor-post__read-more-wrapper\">\n\t\t\n\t\t<a class=\"elementor-post__read-more\" href=\"https:\/\/medisur.devmwp.com\/en\/tendances-prevention-sante-qvt-2024\/\" aria-label=\"Read more about Les 20 tendances de pr\u00e9vention sant\u00e9 et qualit\u00e9 de vie au travail en 2024\" tabindex=\"-1\" >\n\t\t\tRead more \u00bb\t\t<\/a>\n\n\t\t\t\t\t<\/div>\n\t\t\t\t<\/div>\n\t\t\t\t\t<\/div>\n\t\t<\/article>\n\t\t\t\t<article class=\"elementor-post elementor-grid-item post-14253 post type-post status-publish format-standard has-post-thumbnail hentry category-sante_travail tag-bien-etre tag-qvct tag-securite\">\n\t\t\t<div class=\"elementor-post__card\">\n\t\t\t\t<a class=\"elementor-post__thumbnail__link\" href=\"https:\/\/medisur.devmwp.com\/en\/comment-plan-de-prevention-sante-en-entreprise-5-etapes\/\" tabindex=\"-1\" ><div class=\"elementor-post__thumbnail\"><img loading=\"lazy\" decoding=\"async\" width=\"300\" height=\"200\" src=\"https:\/\/medisur.devmwp.com\/wp-content\/uploads\/2023\/12\/plan-prevention-sante-medisur-300x200.jpg\" class=\"attachment-medium size-medium wp-image-14677\" alt=\"\" srcset=\"https:\/\/medisur.devmwp.com\/wp-content\/uploads\/2023\/12\/plan-prevention-sante-medisur-300x200.jpg 300w, https:\/\/medisur.devmwp.com\/wp-content\/uploads\/2023\/12\/plan-prevention-sante-medisur-1024x683.jpg 1024w, https:\/\/medisur.devmwp.com\/wp-content\/uploads\/2023\/12\/plan-prevention-sante-medisur-768x512.jpg 768w, https:\/\/medisur.devmwp.com\/wp-content\/uploads\/2023\/12\/plan-prevention-sante-medisur-1536x1024.jpg 1536w, https:\/\/medisur.devmwp.com\/wp-content\/uploads\/2023\/12\/plan-prevention-sante-medisur-18x12.jpg 18w, https:\/\/medisur.devmwp.com\/wp-content\/uploads\/2023\/12\/plan-prevention-sante-medisur-600x400.jpg 600w, https:\/\/medisur.devmwp.com\/wp-content\/uploads\/2023\/12\/plan-prevention-sante-medisur.jpg 1920w\" sizes=\"(max-width: 300px) 100vw, 300px\" \/><\/div><\/a>\n\t\t\t\t<div class=\"elementor-post__badge\">Health at work<\/div>\n\t\t\t\t<div class=\"elementor-post__text\">\n\t\t\t\t<h3 class=\"elementor-post__title\">\n\t\t\t<a href=\"https:\/\/medisur.devmwp.com\/en\/comment-plan-de-prevention-sante-en-entreprise-5-etapes\/\" >\n\t\t\t\tHow to set up a Corporate Health Prevention Plan in 5 steps\t\t\t<\/a>\n\t\t<\/h3>\n\t\t\t\t<div class=\"elementor-post__excerpt\">\n\t\t\t<p>Employee health is a major issue for companies concerned about the productivity and well-being of their staff. The implementation<\/p>\n\t\t<\/div>\n\t\t\t\t\t<div class=\"elementor-post__read-more-wrapper\">\n\t\t\n\t\t<a class=\"elementor-post__read-more\" href=\"https:\/\/medisur.devmwp.com\/en\/comment-plan-de-prevention-sante-en-entreprise-5-etapes\/\" aria-label=\"Read more about Comment mettre en place un Plan de Pr\u00e9vention Sant\u00e9 en Entreprise en 5 \u00e9tapes\" tabindex=\"-1\" >\n\t\t\tRead more \u00bb\t\t<\/a>\n\n\t\t\t\t\t<\/div>\n\t\t\t\t<\/div>\n\t\t\t\t\t<\/div>\n\t\t<\/article>\n\t\t\t\t<article class=\"elementor-post elementor-grid-item post-14106 post type-post status-publish format-standard has-post-thumbnail hentry category-sante_globale\">\n\t\t\t<div class=\"elementor-post__card\">\n\t\t\t\t<a class=\"elementor-post__thumbnail__link\" href=\"https:\/\/medisur.devmwp.com\/en\/faire-face-au-blues-hivernal\/\" tabindex=\"-1\" ><div class=\"elementor-post__thumbnail\"><img loading=\"lazy\" decoding=\"async\" width=\"300\" height=\"200\" src=\"https:\/\/medisur.devmwp.com\/wp-content\/uploads\/2023\/11\/blues-hivernal-300x200.jpg\" class=\"attachment-medium size-medium wp-image-14108\" alt=\"\" srcset=\"https:\/\/medisur.devmwp.com\/wp-content\/uploads\/2023\/11\/blues-hivernal-300x200.jpg 300w, https:\/\/medisur.devmwp.com\/wp-content\/uploads\/2023\/11\/blues-hivernal-1024x684.jpg 1024w, https:\/\/medisur.devmwp.com\/wp-content\/uploads\/2023\/11\/blues-hivernal-768x513.jpg 768w, https:\/\/medisur.devmwp.com\/wp-content\/uploads\/2023\/11\/blues-hivernal-1536x1026.jpg 1536w, https:\/\/medisur.devmwp.com\/wp-content\/uploads\/2023\/11\/blues-hivernal-18x12.jpg 18w, https:\/\/medisur.devmwp.com\/wp-content\/uploads\/2023\/11\/blues-hivernal-600x401.jpg 600w, https:\/\/medisur.devmwp.com\/wp-content\/uploads\/2023\/11\/blues-hivernal.jpg 1920w\" sizes=\"(max-width: 300px) 100vw, 300px\" \/><\/div><\/a>\n\t\t\t\t<div class=\"elementor-post__badge\">overall health<\/div>\n\t\t\t\t<div class=\"elementor-post__text\">\n\t\t\t\t<h3 class=\"elementor-post__title\">\n\t\t\t<a href=\"https:\/\/medisur.devmwp.com\/en\/faire-face-au-blues-hivernal\/\" >\n\t\t\t\tDealing with the winter blues\t\t\t<\/a>\n\t\t<\/h3>\n\t\t\t\t<div class=\"elementor-post__excerpt\">\n\t\t\t<p>Winter blues, also known as seasonal affective disorder (SAD), is not directly related to an immune deficiency or immune system deficiency.<\/p>\n\t\t<\/div>\n\t\t\t\t\t<div class=\"elementor-post__read-more-wrapper\">\n\t\t\n\t\t<a class=\"elementor-post__read-more\" href=\"https:\/\/medisur.devmwp.com\/en\/faire-face-au-blues-hivernal\/\" aria-label=\"Read more about Faire face au blues hivernal\" tabindex=\"-1\" >\n\t\t\tRead more \u00bb\t\t<\/a>\n\n\t\t\t\t\t<\/div>\n\t\t\t\t<\/div>\n\t\t\t\t\t<\/div>\n\t\t<\/article>\n\t\t\t\t<article class=\"elementor-post elementor-grid-item post-13813 post type-post status-publish format-standard has-post-thumbnail hentry category-sante_globale\">\n\t\t\t<div class=\"elementor-post__card\">\n\t\t\t\t<a class=\"elementor-post__thumbnail__link\" href=\"https:\/\/medisur.devmwp.com\/en\/10-signes-avant-coureurs-avc\/\" tabindex=\"-1\" ><div class=\"elementor-post__thumbnail\"><img loading=\"lazy\" decoding=\"async\" width=\"300\" height=\"200\" src=\"https:\/\/medisur.devmwp.com\/wp-content\/uploads\/2023\/10\/gift-habeshaw-Of8C-QHqagM-unsplash-300x200.jpg\" class=\"attachment-medium size-medium wp-image-13816\" alt=\"\" srcset=\"https:\/\/medisur.devmwp.com\/wp-content\/uploads\/2023\/10\/gift-habeshaw-Of8C-QHqagM-unsplash-300x200.jpg 300w, https:\/\/medisur.devmwp.com\/wp-content\/uploads\/2023\/10\/gift-habeshaw-Of8C-QHqagM-unsplash-1024x683.jpg 1024w, https:\/\/medisur.devmwp.com\/wp-content\/uploads\/2023\/10\/gift-habeshaw-Of8C-QHqagM-unsplash-768x512.jpg 768w, https:\/\/medisur.devmwp.com\/wp-content\/uploads\/2023\/10\/gift-habeshaw-Of8C-QHqagM-unsplash-1536x1024.jpg 1536w, https:\/\/medisur.devmwp.com\/wp-content\/uploads\/2023\/10\/gift-habeshaw-Of8C-QHqagM-unsplash-18x12.jpg 18w, https:\/\/medisur.devmwp.com\/wp-content\/uploads\/2023\/10\/gift-habeshaw-Of8C-QHqagM-unsplash-600x400.jpg 600w, https:\/\/medisur.devmwp.com\/wp-content\/uploads\/2023\/10\/gift-habeshaw-Of8C-QHqagM-unsplash.jpg 1920w\" sizes=\"(max-width: 300px) 100vw, 300px\" \/><\/div><\/a>\n\t\t\t\t<div class=\"elementor-post__badge\">overall health<\/div>\n\t\t\t\t<div class=\"elementor-post__text\">\n\t\t\t\t<h3 class=\"elementor-post__title\">\n\t\t\t<a href=\"https:\/\/medisur.devmwp.com\/en\/10-signes-avant-coureurs-avc\/\" >\n\t\t\t\t10 warning signs of a stroke\t\t\t<\/a>\n\t\t<\/h3>\n\t\t\t\t<div class=\"elementor-post__excerpt\">\n\t\t\t<p>A stroke (stroke) occurs when blood flow to part of the brain is interrupted, leading to damage to brain cells. An intervention<\/p>\n\t\t<\/div>\n\t\t\t\t\t<div class=\"elementor-post__read-more-wrapper\">\n\t\t\n\t\t<a class=\"elementor-post__read-more\" href=\"https:\/\/medisur.devmwp.com\/en\/10-signes-avant-coureurs-avc\/\" aria-label=\"Read more about 10 warning signs of a stroke\" tabindex=\"-1\" >\n\t\t\tRead more \u00bb\t\t<\/a>\n\n\t\t\t\t\t<\/div>\n\t\t\t\t<\/div>\n\t\t\t\t\t<\/div>\n\t\t<\/article>\n\t\t\t\t<\/div>\n\t\t\t\t\t<span class=\"e-load-more-spinner\">\n\t\t\t\t<i aria-hidden=\"true\" class=\"fas fa-spinner\"><\/i>\t\t\t<\/span>\n\t\t\n\t\t\t\t<div class=\"e-load-more-anchor\" data-page=\"1\" data-max-page=\"7\" data-next-page=\"https:\/\/medisur.devmwp.com\/en\/wp-json\/wp\/v2\/pages\/123\/page\/2\/\"><\/div>\n\t\t\t\t<div class=\"e-load-more-message\"><\/div>\n\t\t\t\t\t\t<\/div>\n\t\t\t\t<\/div>\n\t\t\t\t\t<\/div>\n\t\t<\/div>\n\t\t\t\t\t<\/div>\n\t\t<\/section>\n\t\t\t\t<\/div>","protected":false},"excerpt":{"rendered":"","protected":false},"author":2,"featured_media":3870,"parent":0,"menu_order":0,"comment_status":"closed","ping_status":"closed","template":"full-width.php","meta":{"_acf_changed":false,"footnotes":""},"class_list":["post-123","page","type-page","status-publish","has-post-thumbnail","hentry"],"acf":[],"_links":{"self":[{"href":"https:\/\/medisur.devmwp.com\/en\/wp-json\/wp\/v2\/pages\/123","targetHints":{"allow":["GET"]}}],"collection":[{"href":"https:\/\/medisur.devmwp.com\/en\/wp-json\/wp\/v2\/pages"}],"about":[{"href":"https:\/\/medisur.devmwp.com\/en\/wp-json\/wp\/v2\/types\/page"}],"author":[{"embeddable":true,"href":"https:\/\/medisur.devmwp.com\/en\/wp-json\/wp\/v2\/users\/2"}],"replies":[{"embeddable":true,"href":"https:\/\/medisur.devmwp.com\/en\/wp-json\/wp\/v2\/comments?post=123"}],"version-history":[{"count":5,"href":"https:\/\/medisur.devmwp.com\/en\/wp-json\/wp\/v2\/pages\/123\/revisions"}],"predecessor-version":[{"id":19682,"href":"https:\/\/medisur.devmwp.com\/en\/wp-json\/wp\/v2\/pages\/123\/revisions\/19682"}],"wp:featuredmedia":[{"embeddable":true,"href":"https:\/\/medisur.devmwp.com\/en\/wp-json\/wp\/v2\/media\/3870"}],"wp:attachment":[{"href":"https:\/\/medisur.devmwp.com\/en\/wp-json\/wp\/v2\/media?parent=123"}],"curies":[{"name":"wp","href":"https:\/\/api.w.org\/{rel}","templated":true}]}}