{"id":21753,"date":"2025-03-31T16:13:02","date_gmt":"2025-03-31T14:13:02","guid":{"rendered":"https:\/\/medisur.devmwp.com\/?page_id=21753"},"modified":"2025-03-31T16:25:15","modified_gmt":"2025-03-31T14:25:15","slug":"barometre-qvct","status":"publish","type":"page","link":"https:\/\/medisur.devmwp.com\/en\/barometre-qvct\/","title":{"rendered":"QVCT Barometer"},"content":{"rendered":"<div data-elementor-type=\"wp-page\" data-elementor-id=\"21753\" class=\"elementor elementor-21753\" data-elementor-post-type=\"page\">\n\t\t\t\t\t\t<section class=\"elementor-section elementor-top-section elementor-element elementor-element-5b9f48a5 elementor-section-boxed elementor-section-height-default elementor-section-height-default\" data-id=\"5b9f48a5\" data-element_type=\"section\" data-settings=\"{&quot;jet_parallax_layout_list&quot;:[]}\">\n\t\t\t\t\t\t<div class=\"elementor-container elementor-column-gap-default\">\n\t\t\t\t\t<div class=\"elementor-column elementor-col-50 elementor-top-column elementor-element elementor-element-963e465\" data-id=\"963e465\" data-element_type=\"column\">\n\t\t\t<div class=\"elementor-widget-wrap elementor-element-populated\">\n\t\t\t\t\t\t<div class=\"elementor-element elementor-element-b38d6ca elementor-widget elementor-widget-image\" data-id=\"b38d6ca\" data-element_type=\"widget\" data-widget_type=\"image.default\">\n\t\t\t\t<div class=\"elementor-widget-container\">\n\t\t\t\t\t\t\t\t\t\t\t\t\t\t\t\t<a href=\"https:\/\/medisur.devmwp.com\/en\/\">\n\t\t\t\t\t\t\t<img decoding=\"async\" width=\"300\" height=\"95\" src=\"https:\/\/medisur.devmwp.com\/wp-content\/uploads\/2023\/06\/MEDISUR_COULEU300px.png\" class=\"attachment-medium size-medium wp-image-10509\" alt=\"\" srcset=\"https:\/\/medisur.devmwp.com\/wp-content\/uploads\/2023\/06\/MEDISUR_COULEU300px.png 300w, https:\/\/medisur.devmwp.com\/wp-content\/uploads\/2023\/06\/MEDISUR_COULEU300px-18x6.png 18w\" sizes=\"(max-width: 300px) 100vw, 300px\" \/>\t\t\t\t\t\t\t\t<\/a>\n\t\t\t\t\t\t\t\t\t\t\t\t\t\t\t<\/div>\n\t\t\t\t<\/div>\n\t\t\t\t\t<\/div>\n\t\t<\/div>\n\t\t\t\t<div class=\"elementor-column elementor-col-50 elementor-top-column elementor-element elementor-element-6801d1\" data-id=\"6801d1\" data-element_type=\"column\">\n\t\t\t<div class=\"elementor-widget-wrap elementor-element-populated\">\n\t\t\t\t\t\t<div class=\"elementor-element elementor-element-69668879 elementor-widget elementor-widget-text-editor\" data-id=\"69668879\" data-element_type=\"widget\" data-widget_type=\"text-editor.default\">\n\t\t\t\t<div class=\"elementor-widget-container\">\n\t\t\t\t\t\t\t\t\t<p class=\"elementor-icon-box-title\">+33 (0)4 42 96 09 68<\/p>\t\t\t\t\t\t\t\t<\/div>\n\t\t\t\t<\/div>\n\t\t\t\t\t<\/div>\n\t\t<\/div>\n\t\t\t\t\t<\/div>\n\t\t<\/section>\n\t\t\t\t<section class=\"elementor-section elementor-top-section elementor-element elementor-element-7c01c4f5 elementor-section-boxed elementor-section-height-default elementor-section-height-default\" data-id=\"7c01c4f5\" data-element_type=\"section\" data-settings=\"{&quot;jet_parallax_layout_list&quot;:[],&quot;background_background&quot;:&quot;gradient&quot;}\">\n\t\t\t\t\t\t<div class=\"elementor-container elementor-column-gap-wide\">\n\t\t\t\t\t<div class=\"elementor-column elementor-col-50 elementor-top-column elementor-element elementor-element-68a14808\" data-id=\"68a14808\" data-element_type=\"column\">\n\t\t\t<div class=\"elementor-widget-wrap elementor-element-populated\">\n\t\t\t\t\t\t<div class=\"elementor-element elementor-element-72ffb05e elementor-widget elementor-widget-heading\" data-id=\"72ffb05e\" data-element_type=\"widget\" data-widget_type=\"heading.default\">\n\t\t\t\t<div class=\"elementor-widget-container\">\n\t\t\t\t\t<h1 class=\"elementor-heading-title elementor-size-default\">QVCT Barometer<\/h1>\t\t\t\t<\/div>\n\t\t\t\t<\/div>\n\t\t\t\t<div class=\"elementor-element elementor-element-ebe645f elementor-widget elementor-widget-text-editor\" data-id=\"ebe645f\" data-element_type=\"widget\" data-widget_type=\"text-editor.default\">\n\t\t\t\t<div class=\"elementor-widget-container\">\n\t\t\t\t\t\t\t\t\t<p class=\"p1\">Evaluate your employees&#039; quality of life at work and improve their well-being.<\/p>\t\t\t\t\t\t\t\t<\/div>\n\t\t\t\t<\/div>\n\t\t\t\t<div class=\"elementor-element elementor-element-463303bc elementor-widget__width-initial elementor-widget elementor-widget-text-editor\" data-id=\"463303bc\" data-element_type=\"widget\" data-widget_type=\"text-editor.default\">\n\t\t\t\t<div class=\"elementor-widget-container\">\n\t\t\t\t\t\t\t\t\t<p class=\"p1\">Our detailed questionnaire allows us to collect valuable data on the well-being of your employees and identify concrete areas for improvement.<\/p>\t\t\t\t\t\t\t\t<\/div>\n\t\t\t\t<\/div>\n\t\t\t\t<div class=\"elementor-element elementor-element-6426b2b elementor-widget elementor-widget-heading\" data-id=\"6426b2b\" data-element_type=\"widget\" data-widget_type=\"heading.default\">\n\t\t\t\t<div class=\"elementor-widget-container\">\n\t\t\t\t\t<h2 class=\"elementor-heading-title elementor-size-default\">Why use our QVCT barometer?<\/h2>\t\t\t\t<\/div>\n\t\t\t\t<\/div>\n\t\t\t\t<div class=\"elementor-element elementor-element-6eda0fe elementor-widget__width-initial elementor-widget elementor-widget-text-editor\" data-id=\"6eda0fe\" data-element_type=\"widget\" data-widget_type=\"text-editor.default\">\n\t\t\t\t<div class=\"elementor-widget-container\">\n\t\t\t\t\t\t\t\t\t<ul><li><strong>A turnkey questionnaire:<\/strong> + 20 questions to assess team motivation and satisfaction<\/li><li><strong>Actionable results:<\/strong> identify priority areas for improvement<\/li><li><strong>A simple approach:<\/strong> Download, distribute and analyze feedback<\/li><\/ul>\t\t\t\t\t\t\t\t<\/div>\n\t\t\t\t<\/div>\n\t\t\t\t\t<\/div>\n\t\t<\/div>\n\t\t\t\t<div class=\"elementor-column elementor-col-50 elementor-top-column elementor-element elementor-element-554bf9d5\" data-id=\"554bf9d5\" data-element_type=\"column\">\n\t\t\t<div class=\"elementor-widget-wrap elementor-element-populated\">\n\t\t\t\t\t\t<div class=\"elementor-element elementor-element-2cd33c8f elementor-widget elementor-widget-image\" data-id=\"2cd33c8f\" data-element_type=\"widget\" data-widget_type=\"image.default\">\n\t\t\t\t<div class=\"elementor-widget-container\">\n\t\t\t\t\t\t\t\t\t\t\t\t\t\t\t<img decoding=\"async\" src=\"https:\/\/medisur.devmwp.com\/wp-content\/uploads\/elementor\/thumbs\/barometre-qvct-entreprise-medisur-r3pphppp0ac2tdb2ll79x0st9hms8zsryz7gmqnobe.png\" title=\"barometer-qvct-company-medisur\" alt=\"Barom\u00e8tre QVCT Questionnaire pour \u00e9valuer la qualit\u00e9 de vie au travail des salari\u00e9s\" loading=\"lazy\" \/>\t\t\t\t\t\t\t\t\t\t\t\t\t\t\t<\/div>\n\t\t\t\t<\/div>\n\t\t\t\t\t<\/div>\n\t\t<\/div>\n\t\t\t\t\t<\/div>\n\t\t<\/section>\n\t\t\t\t<section class=\"elementor-section elementor-top-section elementor-element elementor-element-66de51a9 elementor-section-boxed elementor-section-height-default elementor-section-height-default\" data-id=\"66de51a9\" data-element_type=\"section\" data-settings=\"{&quot;jet_parallax_layout_list&quot;:[],&quot;background_background&quot;:&quot;classic&quot;}\">\n\t\t\t\t\t\t<div class=\"elementor-container elementor-column-gap-default\">\n\t\t\t\t\t<div class=\"elementor-column elementor-col-100 elementor-top-column elementor-element elementor-element-5bf46396\" data-id=\"5bf46396\" data-element_type=\"column\">\n\t\t\t<div class=\"elementor-widget-wrap elementor-element-populated\">\n\t\t\t\t\t\t<div class=\"elementor-element elementor-element-17643e3d elementor-widget elementor-widget-heading\" data-id=\"17643e3d\" data-element_type=\"widget\" data-widget_type=\"heading.default\">\n\t\t\t\t<div class=\"elementor-widget-container\">\n\t\t\t\t\t<h2 class=\"elementor-heading-title elementor-size-default\">Download the QVCT barometer for free<\/h2>\t\t\t\t<\/div>\n\t\t\t\t<\/div>\n\t\t\t\t<div class=\"elementor-element elementor-element-7b70e7f6 elementor-widget elementor-widget-text-editor\" data-id=\"7b70e7f6\" data-element_type=\"widget\" data-widget_type=\"text-editor.default\">\n\t\t\t\t<div class=\"elementor-widget-container\">\n\t\t\t\t\t\t\t\t\t<p>[contactSellsy id=\u00a0\u00bb21&Prime;]<\/p>\t\t\t\t\t\t\t\t<\/div>\n\t\t\t\t<\/div>\n\t\t\t\t\t<\/div>\n\t\t<\/div>\n\t\t\t\t\t<\/div>\n\t\t<\/section>\n\t\t\t\t<section class=\"elementor-section elementor-top-section elementor-element elementor-element-64389caf elementor-section-boxed elementor-section-height-default elementor-section-height-default\" data-id=\"64389caf\" data-element_type=\"section\" data-settings=\"{&quot;jet_parallax_layout_list&quot;:[{&quot;jet_parallax_layout_image&quot;:{&quot;url&quot;:&quot;&quot;,&quot;id&quot;:&quot;&quot;,&quot;size&quot;:&quot;&quot;},&quot;_id&quot;:&quot;ad39c02&quot;,&quot;jet_parallax_layout_speed&quot;:{&quot;unit&quot;:&quot;%&quot;,&quot;size&quot;:&quot;50&quot;,&quot;sizes&quot;:[]},&quot;jet_parallax_layout_bg_x&quot;:&quot;50&quot;,&quot;jet_parallax_layout_bg_y&quot;:&quot;50&quot;,&quot;jet_parallax_layout_image_tablet&quot;:{&quot;url&quot;:&quot;&quot;,&quot;id&quot;:&quot;&quot;,&quot;size&quot;:&quot;&quot;},&quot;jet_parallax_layout_image_mobile&quot;:{&quot;url&quot;:&quot;&quot;,&quot;id&quot;:&quot;&quot;,&quot;size&quot;:&quot;&quot;},&quot;jet_parallax_layout_type&quot;:&quot;scroll&quot;,&quot;jet_parallax_layout_direction&quot;:null,&quot;jet_parallax_layout_fx_direction&quot;:null,&quot;jet_parallax_layout_z_index&quot;:&quot;&quot;,&quot;jet_parallax_layout_bg_x_tablet&quot;:&quot;&quot;,&quot;jet_parallax_layout_bg_x_mobile&quot;:&quot;&quot;,&quot;jet_parallax_layout_bg_y_tablet&quot;:&quot;&quot;,&quot;jet_parallax_layout_bg_y_mobile&quot;:&quot;&quot;,&quot;jet_parallax_layout_bg_size&quot;:&quot;auto&quot;,&quot;jet_parallax_layout_bg_size_tablet&quot;:&quot;&quot;,&quot;jet_parallax_layout_bg_size_mobile&quot;:&quot;&quot;,&quot;jet_parallax_layout_animation_prop&quot;:&quot;transform&quot;,&quot;jet_parallax_layout_on&quot;:[&quot;desktop&quot;,&quot;tablet&quot;]}]}\">\n\t\t\t\t\t\t<div class=\"elementor-container elementor-column-gap-no\">\n\t\t\t\t\t<div class=\"elementor-column elementor-col-100 elementor-top-column elementor-element elementor-element-3b8c796e\" data-id=\"3b8c796e\" data-element_type=\"column\">\n\t\t\t<div class=\"elementor-widget-wrap elementor-element-populated\">\n\t\t\t\t\t\t<div class=\"elementor-element elementor-element-b17d024 elementor-widget elementor-widget-heading\" data-id=\"b17d024\" data-element_type=\"widget\" data-widget_type=\"heading.default\">\n\t\t\t\t<div class=\"elementor-widget-container\">\n\t\t\t\t\t<h3 class=\"elementor-heading-title elementor-size-default\">Why measure the quality of life and working conditions of teams? <\/h3>\t\t\t\t<\/div>\n\t\t\t\t<\/div>\n\t\t\t\t<section class=\"elementor-section elementor-inner-section elementor-element elementor-element-b81764d elementor-section-boxed elementor-section-height-default elementor-section-height-default\" data-id=\"b81764d\" data-element_type=\"section\" data-settings=\"{&quot;jet_parallax_layout_list&quot;:[]}\">\n\t\t\t\t\t\t<div class=\"elementor-container elementor-column-gap-default\">\n\t\t\t\t\t<div class=\"elementor-column elementor-col-50 elementor-inner-column elementor-element elementor-element-66a7319\" data-id=\"66a7319\" data-element_type=\"column\">\n\t\t\t<div class=\"elementor-widget-wrap elementor-element-populated\">\n\t\t\t\t\t\t<div class=\"elementor-element elementor-element-9fc8de9 elementor-widget elementor-widget-image\" data-id=\"9fc8de9\" data-element_type=\"widget\" data-widget_type=\"image.default\">\n\t\t\t\t<div class=\"elementor-widget-container\">\n\t\t\t\t\t\t\t\t\t\t\t\t\t\t\t<img fetchpriority=\"high\" decoding=\"async\" width=\"300\" height=\"300\" src=\"https:\/\/medisur.devmwp.com\/wp-content\/uploads\/2025\/03\/barometre-qcvt-entreprise-medisur-equipes.png\" class=\"attachment-large size-large wp-image-21756\" alt=\"\" srcset=\"https:\/\/medisur.devmwp.com\/wp-content\/uploads\/2025\/03\/barometre-qcvt-entreprise-medisur-equipes.png 300w, https:\/\/medisur.devmwp.com\/wp-content\/uploads\/2025\/03\/barometre-qcvt-entreprise-medisur-equipes-150x150.png 150w, https:\/\/medisur.devmwp.com\/wp-content\/uploads\/2025\/03\/barometre-qcvt-entreprise-medisur-equipes-12x12.png 12w, https:\/\/medisur.devmwp.com\/wp-content\/uploads\/2025\/03\/barometre-qcvt-entreprise-medisur-equipes-100x100.png 100w\" sizes=\"(max-width: 300px) 100vw, 300px\" \/>\t\t\t\t\t\t\t\t\t\t\t\t\t\t\t<\/div>\n\t\t\t\t<\/div>\n\t\t\t\t\t<\/div>\n\t\t<\/div>\n\t\t\t\t<div class=\"elementor-column elementor-col-50 elementor-inner-column elementor-element elementor-element-a6f5ebb\" data-id=\"a6f5ebb\" data-element_type=\"column\">\n\t\t\t<div class=\"elementor-widget-wrap elementor-element-populated\">\n\t\t\t\t\t\t<div class=\"elementor-element elementor-element-bf0e20c elementor-widget elementor-widget-text-editor\" data-id=\"bf0e20c\" data-element_type=\"widget\" data-widget_type=\"text-editor.default\">\n\t\t\t\t<div class=\"elementor-widget-container\">\n\t\t\t\t\t\t\t\t\t<p class=\"p1\"><b>Why measure Quality of Life and Working Conditions (QWLC)?<\/b><\/p><ul><li class=\"p2\"><a href=\"https:\/\/www.digitalrecruiters.com\/blog\/bien-etre-au-travail-11-chiffres-qui-prouvent-son-importance\"><span class=\"s1\"><b>80 % employees<\/b><\/span><\/a> expect concrete actions to improve their well-being, demonstrating a strong expectation in terms of QVCT.<\/li><li class=\"p2\">A <span class=\"s1\" style=\"font-size: 1rem;\"><b>healthy working environment<\/b><\/span><span style=\"font-size: 1rem;\"> reduces absenteeism, improves motivation and promotes employee engagement.<\/span><\/li><li class=\"p2\">The <span class=\"s1\" style=\"font-size: 1rem;\"><b>health prevention<\/b><\/span><span style=\"font-size: 1rem;\"> (stress, posture, diet) and the <\/span><span class=\"s1\" style=\"font-size: 1rem;\"><b>safety at work<\/b><\/span><span style=\"font-size: 1rem;\"> (professional risks, work\/life balance) are strategic levers for the performance and attractiveness of the company.<\/span><\/li><\/ul>\t\t\t\t\t\t\t\t<\/div>\n\t\t\t\t<\/div>\n\t\t\t\t\t<\/div>\n\t\t<\/div>\n\t\t\t\t\t<\/div>\n\t\t<\/section>\n\t\t\t\t<div class=\"elementor-element elementor-element-76db9fa2 elementor-widget elementor-widget-heading\" data-id=\"76db9fa2\" data-element_type=\"widget\" data-widget_type=\"heading.default\">\n\t\t\t\t<div class=\"elementor-widget-container\">\n\t\t\t\t\t<h3 class=\"elementor-heading-title elementor-size-default\">Already more than 300 organizations trust Medisur to <span style=\"color:#66CCCC\">their health<span><\/span><\/span><\/h3>\t\t\t\t<\/div>\n\t\t\t\t<\/div>\n\t\t\t\t<div class=\"elementor-element elementor-element-2d5c238c elementor-widget elementor-widget-image-carousel\" data-id=\"2d5c238c\" data-element_type=\"widget\" data-settings=\"{&quot;slides_to_show&quot;:&quot;4&quot;,&quot;navigation&quot;:&quot;none&quot;,&quot;autoplay&quot;:&quot;yes&quot;,&quot;pause_on_hover&quot;:&quot;yes&quot;,&quot;pause_on_interaction&quot;:&quot;yes&quot;,&quot;autoplay_speed&quot;:5000,&quot;infinite&quot;:&quot;yes&quot;,&quot;speed&quot;:500}\" data-widget_type=\"image-carousel.default\">\n\t\t\t\t<div class=\"elementor-widget-container\">\n\t\t\t\t\t\t\t<div class=\"elementor-image-carousel-wrapper swiper\" role=\"region\" aria-roledescription=\"carousel\" aria-label=\"Image carousel\" dir=\"ltr\">\n\t\t\t<div class=\"elementor-image-carousel swiper-wrapper\" aria-live=\"off\">\n\t\t\t\t\t\t\t\t<div class=\"swiper-slide\" role=\"group\" aria-roledescription=\"slide\" aria-label=\"1 of 7\"><figure class=\"swiper-slide-inner\"><img decoding=\"async\" class=\"swiper-slide-image\" src=\"https:\/\/medisur.devmwp.com\/wp-content\/uploads\/2022\/05\/Logo_vinci_150px.png\" alt=\"logo_vinci_medisur\" \/><\/figure><\/div><div class=\"swiper-slide\" role=\"group\" aria-roledescription=\"slide\" aria-label=\"2 of 7\"><figure class=\"swiper-slide-inner\"><img decoding=\"async\" class=\"swiper-slide-image\" src=\"https:\/\/medisur.devmwp.com\/wp-content\/uploads\/2022\/05\/logo_engie_150px.png\" alt=\"logo_engie_medisur\" \/><\/figure><\/div><div class=\"swiper-slide\" role=\"group\" aria-roledescription=\"slide\" aria-label=\"3 of 7\"><figure class=\"swiper-slide-inner\"><img decoding=\"async\" class=\"swiper-slide-image\" src=\"https:\/\/medisur.devmwp.com\/wp-content\/uploads\/2022\/05\/logo_veolia_150px.png\" alt=\"logo veolia medisur\" \/><\/figure><\/div><div class=\"swiper-slide\" role=\"group\" aria-roledescription=\"slide\" aria-label=\"4 of 7\"><figure class=\"swiper-slide-inner\"><img decoding=\"async\" class=\"swiper-slide-image\" src=\"https:\/\/medisur.devmwp.com\/wp-content\/uploads\/2022\/05\/logo_sncf_150px.png\" alt=\"logo_sncf_medisur\" \/><\/figure><\/div><div class=\"swiper-slide\" role=\"group\" aria-roledescription=\"slide\" aria-label=\"5 of 7\"><figure class=\"swiper-slide-inner\"><img decoding=\"async\" class=\"swiper-slide-image\" src=\"https:\/\/medisur.devmwp.com\/wp-content\/uploads\/2022\/05\/logo_colas_150px-1.png\" alt=\"bien-\u00eatre mental_logo\" \/><\/figure><\/div><div class=\"swiper-slide\" role=\"group\" aria-roledescription=\"slide\" aria-label=\"6 of 7\"><figure class=\"swiper-slide-inner\"><img decoding=\"async\" class=\"swiper-slide-image\" src=\"https:\/\/medisur.devmwp.com\/wp-content\/uploads\/2022\/05\/Logo_Carrefour_150px-1.png\" alt=\"Logo_Carrefour_150px\" \/><\/figure><\/div><div class=\"swiper-slide\" role=\"group\" aria-roledescription=\"slide\" aria-label=\"7 of 7\"><figure class=\"swiper-slide-inner\"><img decoding=\"async\" class=\"swiper-slide-image\" src=\"https:\/\/medisur.devmwp.com\/wp-content\/uploads\/2022\/05\/logo_casino_150px.jpeg\" alt=\"logo_casino_150px\" \/><\/figure><\/div>\t\t\t<\/div>\n\t\t\t\t\t\t\t\n\t\t\t\t\t\t\t\t\t<\/div>\n\t\t\t\t\t\t<\/div>\n\t\t\t\t<\/div>\n\t\t\t\t\t<\/div>\n\t\t<\/div>\n\t\t\t\t\t<\/div>\n\t\t<\/section>\n\t\t\t\t<\/div>","protected":false},"excerpt":{"rendered":"<p>+33 (0)4 42 96 09 68 Barom\u00e8tre QVCT \u00c9valuez la qualit\u00e9 de vie au travail de vos salari\u00e9s et am\u00e9liorez leur bien-\u00eatre. Notre questionnaire d\u00e9taill\u00e9 permet de recueillir des donn\u00e9es pr\u00e9cieuses sur le bien-\u00eatre de vos collaborateurs et d\u2019identifier des axes d\u2019am\u00e9lioration concrets. Pourquoi utiliser notre barom\u00e8tre QVCT ? Un questionnaire cl\u00e9 en main : [&hellip;]<\/p>","protected":false},"author":2,"featured_media":0,"parent":0,"menu_order":0,"comment_status":"closed","ping_status":"closed","template":"full-width.php","meta":{"_acf_changed":false,"footnotes":""},"class_list":["post-21753","page","type-page","status-publish","hentry"],"acf":[],"_links":{"self":[{"href":"https:\/\/medisur.devmwp.com\/en\/wp-json\/wp\/v2\/pages\/21753","targetHints":{"allow":["GET"]}}],"collection":[{"href":"https:\/\/medisur.devmwp.com\/en\/wp-json\/wp\/v2\/pages"}],"about":[{"href":"https:\/\/medisur.devmwp.com\/en\/wp-json\/wp\/v2\/types\/page"}],"author":[{"embeddable":true,"href":"https:\/\/medisur.devmwp.com\/en\/wp-json\/wp\/v2\/users\/2"}],"replies":[{"embeddable":true,"href":"https:\/\/medisur.devmwp.com\/en\/wp-json\/wp\/v2\/comments?post=21753"}],"version-history":[{"count":5,"href":"https:\/\/medisur.devmwp.com\/en\/wp-json\/wp\/v2\/pages\/21753\/revisions"}],"predecessor-version":[{"id":21765,"href":"https:\/\/medisur.devmwp.com\/en\/wp-json\/wp\/v2\/pages\/21753\/revisions\/21765"}],"wp:attachment":[{"href":"https:\/\/medisur.devmwp.com\/en\/wp-json\/wp\/v2\/media?parent=21753"}],"curies":[{"name":"wp","href":"https:\/\/api.w.org\/{rel}","templated":true}]}}