{"id":5857,"date":"2022-06-07T16:28:41","date_gmt":"2022-06-07T14:28:41","guid":{"rendered":"https:\/\/medisur.devmwp.com\/?page_id=5857"},"modified":"2025-04-25T14:56:39","modified_gmt":"2025-04-25T12:56:39","slug":"catalogue","status":"publish","type":"page","link":"https:\/\/medisur.devmwp.com\/en\/catalogue\/","title":{"rendered":"Health catalog"},"content":{"rendered":"<div data-elementor-type=\"wp-page\" data-elementor-id=\"5857\" class=\"elementor elementor-5857\" data-elementor-post-type=\"page\">\n\t\t\t\t\t\t<section class=\"elementor-section elementor-top-section elementor-element elementor-element-15e89543 elementor-section-boxed elementor-section-height-default elementor-section-height-default\" data-id=\"15e89543\" data-element_type=\"section\" data-settings=\"{&quot;jet_parallax_layout_list&quot;:[]}\">\n\t\t\t\t\t\t<div class=\"elementor-container elementor-column-gap-default\">\n\t\t\t\t\t<div class=\"elementor-column elementor-col-100 elementor-top-column elementor-element elementor-element-4a0506b6\" data-id=\"4a0506b6\" data-element_type=\"column\">\n\t\t\t<div class=\"elementor-widget-wrap elementor-element-populated\">\n\t\t\t\t\t\t<div class=\"elementor-element elementor-element-1fe93f4f elementor-widget elementor-widget-image\" data-id=\"1fe93f4f\" data-element_type=\"widget\" data-widget_type=\"image.default\">\n\t\t\t\t<div class=\"elementor-widget-container\">\n\t\t\t\t\t\t\t\t\t\t\t\t\t\t\t\t<a href=\"https:\/\/medisur.devmwp.com\/en\/\">\n\t\t\t\t\t\t\t<img decoding=\"async\" width=\"300\" height=\"95\" src=\"https:\/\/medisur.devmwp.com\/wp-content\/uploads\/2023\/06\/MEDISUR_COULEU300px.png\" class=\"attachment-medium size-medium wp-image-10509\" alt=\"\" srcset=\"https:\/\/medisur.devmwp.com\/wp-content\/uploads\/2023\/06\/MEDISUR_COULEU300px.png 300w, https:\/\/medisur.devmwp.com\/wp-content\/uploads\/2023\/06\/MEDISUR_COULEU300px-18x6.png 18w\" sizes=\"(max-width: 300px) 100vw, 300px\" \/>\t\t\t\t\t\t\t\t<\/a>\n\t\t\t\t\t\t\t\t\t\t\t\t\t\t\t<\/div>\n\t\t\t\t<\/div>\n\t\t\t\t\t<\/div>\n\t\t<\/div>\n\t\t\t\t\t<\/div>\n\t\t<\/section>\n\t\t\t\t<section class=\"elementor-section elementor-top-section elementor-element elementor-element-c766484 elementor-reverse-mobile elementor-section-boxed elementor-section-height-default elementor-section-height-default\" data-id=\"c766484\" data-element_type=\"section\" data-settings=\"{&quot;jet_parallax_layout_list&quot;:[],&quot;background_background&quot;:&quot;gradient&quot;}\">\n\t\t\t\t\t\t<div class=\"elementor-container elementor-column-gap-wide\">\n\t\t\t\t\t<div class=\"elementor-column elementor-col-50 elementor-top-column elementor-element elementor-element-81d37b5\" data-id=\"81d37b5\" data-element_type=\"column\">\n\t\t\t<div class=\"elementor-widget-wrap elementor-element-populated\">\n\t\t\t\t\t\t<div class=\"elementor-element elementor-element-48f5370 elementor-widget elementor-widget-heading\" data-id=\"48f5370\" data-element_type=\"widget\" data-widget_type=\"heading.default\">\n\t\t\t\t<div class=\"elementor-widget-container\">\n\t\t\t\t\t<h2 class=\"elementor-heading-title elementor-size-default\">Our solutions for <span style=\"color:#66CCCC\">health, well-being and safety<\/span> in company<\/h2>\t\t\t\t<\/div>\n\t\t\t\t<\/div>\n\t\t\t\t<div class=\"elementor-element elementor-element-f9f315c elementor-widget elementor-widget-image\" data-id=\"f9f315c\" data-element_type=\"widget\" data-widget_type=\"image.default\">\n\t\t\t\t<div class=\"elementor-widget-container\">\n\t\t\t\t\t\t\t\t\t\t\t\t\t\t\t<img fetchpriority=\"high\" decoding=\"async\" width=\"300\" height=\"209\" src=\"https:\/\/medisur.devmwp.com\/wp-content\/uploads\/2022\/06\/CATALOGUE_MEDISUR-300x209.jpg\" class=\"attachment-medium size-medium wp-image-5913\" alt=\"catalogue\" srcset=\"https:\/\/medisur.devmwp.com\/wp-content\/uploads\/2022\/06\/CATALOGUE_MEDISUR-300x209.jpg 300w, https:\/\/medisur.devmwp.com\/wp-content\/uploads\/2022\/06\/CATALOGUE_MEDISUR-1024x713.jpg 1024w, https:\/\/medisur.devmwp.com\/wp-content\/uploads\/2022\/06\/CATALOGUE_MEDISUR-768x535.jpg 768w, https:\/\/medisur.devmwp.com\/wp-content\/uploads\/2022\/06\/CATALOGUE_MEDISUR-600x418.jpg 600w, https:\/\/medisur.devmwp.com\/wp-content\/uploads\/2022\/06\/CATALOGUE_MEDISUR.jpg 1533w\" sizes=\"(max-width: 300px) 100vw, 300px\" \/>\t\t\t\t\t\t\t\t\t\t\t\t\t\t\t<\/div>\n\t\t\t\t<\/div>\n\t\t\t\t<div class=\"elementor-element elementor-element-6262655 elementor-widget elementor-widget-text-editor\" data-id=\"6262655\" data-element_type=\"widget\" data-widget_type=\"text-editor.default\">\n\t\t\t\t<div class=\"elementor-widget-container\">\n\t\t\t\t\t\t\t\t\t<p class=\"p1\">Discover a <span class=\"s1\"><b>service catalog<\/b><\/span>\u00a0designed to support organizations in improving the <span class=\"s1\"><b>quality of life at work (QVT)<\/b><\/span>, risk prevention and team health.<\/p>\t\t\t\t\t\t\t\t<\/div>\n\t\t\t\t<\/div>\n\t\t\t\t<div class=\"elementor-element elementor-element-3a8ae90 elementor-widget elementor-widget-text-editor\" data-id=\"3a8ae90\" data-element_type=\"widget\" data-widget_type=\"text-editor.default\">\n\t\t\t\t<div class=\"elementor-widget-container\">\n\t\t\t\t\t\t\t\t\t<p>Why download our Catalog?<\/p><ul><li class=\"p1\"><span class=\"s1\"><b>A complete guide<\/b><\/span> : An overview of all our solutions to improve the <span class=\"s1\"><b>prevention, health, well-being and safety<\/b><\/span> in company.<\/li><li class=\"p3\"><b>Solutions tailored to your needs<\/b><span class=\"s2\"> : Whether you are a <\/span><b>Small business, small and medium-sized enterprise or large group<\/b><span class=\"s2\">, find services designed for <\/span><b>meet the challenges of your organization.<\/b><\/li><li class=\"p3\"><p class=\"p1\"><span class=\"s1\"><b>Save time<\/b><\/span> : Access in a single document <span class=\"s1\"><b>all of our offers<\/b><\/span> and quickly identify those that match your expectations.<\/p><\/li><\/ul>\t\t\t\t\t\t\t\t<\/div>\n\t\t\t\t<\/div>\n\t\t\t\t\t<\/div>\n\t\t<\/div>\n\t\t\t\t<div class=\"elementor-column elementor-col-50 elementor-top-column elementor-element elementor-element-95587b3\" data-id=\"95587b3\" data-element_type=\"column\">\n\t\t\t<div class=\"elementor-widget-wrap elementor-element-populated\">\n\t\t\t\t\t\t<div class=\"elementor-element elementor-element-dc37384 elementor-widget elementor-widget-heading\" data-id=\"dc37384\" data-element_type=\"widget\" data-widget_type=\"heading.default\">\n\t\t\t\t<div class=\"elementor-widget-container\">\n\t\t\t\t\t<h1 class=\"elementor-heading-title elementor-size-default\">Download our health catalog<\/h1>\t\t\t\t<\/div>\n\t\t\t\t<\/div>\n\t\t\t\t<div class=\"elementor-element elementor-element-d3ec658 elementor-widget elementor-widget-text-editor\" data-id=\"d3ec658\" data-element_type=\"widget\" data-widget_type=\"text-editor.default\">\n\t\t\t\t<div class=\"elementor-widget-container\">\n\t\t\t\t\t\t\t\t\t<p>[contactSellsy id=\u00a0\u00bb14&Prime;]<\/p>\t\t\t\t\t\t\t\t<\/div>\n\t\t\t\t<\/div>\n\t\t\t\t\t<\/div>\n\t\t<\/div>\n\t\t\t\t\t<\/div>\n\t\t<\/section>\n\t\t\t\t<section class=\"elementor-section elementor-top-section elementor-element elementor-element-9eb3a89 elementor-section-boxed elementor-section-height-default elementor-section-height-default\" data-id=\"9eb3a89\" data-element_type=\"section\" data-settings=\"{&quot;jet_parallax_layout_list&quot;:[]}\">\n\t\t\t\t\t\t<div class=\"elementor-container elementor-column-gap-default\">\n\t\t\t\t\t<div class=\"elementor-column elementor-col-100 elementor-top-column elementor-element elementor-element-b46bc4d\" data-id=\"b46bc4d\" data-element_type=\"column\">\n\t\t\t<div class=\"elementor-widget-wrap elementor-element-populated\">\n\t\t\t\t\t\t<div class=\"elementor-element elementor-element-d70e7f6 elementor-widget elementor-widget-heading\" data-id=\"d70e7f6\" data-element_type=\"widget\" data-widget_type=\"heading.default\">\n\t\t\t\t<div class=\"elementor-widget-container\">\n\t\t\t\t\t<h4 class=\"elementor-heading-title elementor-size-default\"><a href=\"https:\/\/medisur.devmwp.com\/en\/entreprises\/\">Already more than 500 organizations trust Medisur to take care of <span style=\"color:#66CCCC\">employee health<span><\/span><\/span><\/a><\/h4>\t\t\t\t<\/div>\n\t\t\t\t<\/div>\n\t\t\t\t<div class=\"elementor-element elementor-element-ce25680 elementor-widget elementor-widget-image-carousel\" data-id=\"ce25680\" data-element_type=\"widget\" data-settings=\"{&quot;slides_to_show&quot;:&quot;4&quot;,&quot;navigation&quot;:&quot;none&quot;,&quot;autoplay&quot;:&quot;yes&quot;,&quot;pause_on_hover&quot;:&quot;yes&quot;,&quot;pause_on_interaction&quot;:&quot;yes&quot;,&quot;autoplay_speed&quot;:5000,&quot;infinite&quot;:&quot;yes&quot;,&quot;speed&quot;:500}\" data-widget_type=\"image-carousel.default\">\n\t\t\t\t<div class=\"elementor-widget-container\">\n\t\t\t\t\t\t\t<div class=\"elementor-image-carousel-wrapper swiper\" role=\"region\" aria-roledescription=\"carousel\" aria-label=\"Image carousel\" dir=\"ltr\">\n\t\t\t<div class=\"elementor-image-carousel swiper-wrapper\" aria-live=\"off\">\n\t\t\t\t\t\t\t\t<div class=\"swiper-slide\" role=\"group\" aria-roledescription=\"slide\" aria-label=\"1 of 7\"><figure class=\"swiper-slide-inner\"><img decoding=\"async\" class=\"swiper-slide-image\" src=\"https:\/\/medisur.devmwp.com\/wp-content\/uploads\/2022\/05\/Logo_vinci_150px.png\" alt=\"logo_vinci_medisur\" \/><\/figure><\/div><div class=\"swiper-slide\" role=\"group\" aria-roledescription=\"slide\" aria-label=\"2 of 7\"><figure class=\"swiper-slide-inner\"><img decoding=\"async\" class=\"swiper-slide-image\" src=\"https:\/\/medisur.devmwp.com\/wp-content\/uploads\/2022\/05\/logo_engie_150px.png\" alt=\"logo_engie_medisur\" \/><\/figure><\/div><div class=\"swiper-slide\" role=\"group\" aria-roledescription=\"slide\" aria-label=\"3 of 7\"><figure class=\"swiper-slide-inner\"><img decoding=\"async\" class=\"swiper-slide-image\" src=\"https:\/\/medisur.devmwp.com\/wp-content\/uploads\/2022\/05\/logo_veolia_150px.png\" alt=\"logo veolia medisur\" \/><\/figure><\/div><div class=\"swiper-slide\" role=\"group\" aria-roledescription=\"slide\" aria-label=\"4 of 7\"><figure class=\"swiper-slide-inner\"><img decoding=\"async\" class=\"swiper-slide-image\" src=\"https:\/\/medisur.devmwp.com\/wp-content\/uploads\/2022\/05\/logo_sncf_150px.png\" alt=\"logo_sncf_medisur\" \/><\/figure><\/div><div class=\"swiper-slide\" role=\"group\" aria-roledescription=\"slide\" aria-label=\"5 of 7\"><figure class=\"swiper-slide-inner\"><img decoding=\"async\" class=\"swiper-slide-image\" src=\"https:\/\/medisur.devmwp.com\/wp-content\/uploads\/2022\/05\/logo_colas_150px-1.png\" alt=\"bien-\u00eatre mental_logo\" \/><\/figure><\/div><div class=\"swiper-slide\" role=\"group\" aria-roledescription=\"slide\" aria-label=\"6 of 7\"><figure class=\"swiper-slide-inner\"><img decoding=\"async\" class=\"swiper-slide-image\" src=\"https:\/\/medisur.devmwp.com\/wp-content\/uploads\/2022\/05\/Logo_Carrefour_150px-1.png\" alt=\"Logo_Carrefour_150px\" \/><\/figure><\/div><div class=\"swiper-slide\" role=\"group\" aria-roledescription=\"slide\" aria-label=\"7 of 7\"><figure class=\"swiper-slide-inner\"><img decoding=\"async\" class=\"swiper-slide-image\" src=\"https:\/\/medisur.devmwp.com\/wp-content\/uploads\/2022\/05\/logo_casino_150px.jpeg\" alt=\"logo_casino_150px\" \/><\/figure><\/div>\t\t\t<\/div>\n\t\t\t\t\t\t\t\n\t\t\t\t\t\t\t\t\t<\/div>\n\t\t\t\t\t\t<\/div>\n\t\t\t\t<\/div>\n\t\t\t\t\t<\/div>\n\t\t<\/div>\n\t\t\t\t\t<\/div>\n\t\t<\/section>\n\t\t\t\t<\/div>","protected":false},"excerpt":{"rendered":"<p>Nos solutions pour la sant\u00e9, le bien-\u00eatre et la s\u00e9curit\u00e9 en entreprise D\u00e9couvrez un catalogue de services\u00a0con\u00e7u pour accompagner les organisations dans l\u2019am\u00e9lioration de la qualit\u00e9 de vie au travail (QVT), la pr\u00e9vention des risques et la sant\u00e9 des \u00e9quipes. Pourquoi t\u00e9l\u00e9charger notre Catalogue ? Un guide complet : Une vue d\u2019ensemble de toutes nos [&hellip;]<\/p>","protected":false},"author":2,"featured_media":3870,"parent":0,"menu_order":0,"comment_status":"closed","ping_status":"closed","template":"full-width.php","meta":{"_acf_changed":false,"footnotes":""},"class_list":["post-5857","page","type-page","status-publish","has-post-thumbnail","hentry"],"acf":[],"_links":{"self":[{"href":"https:\/\/medisur.devmwp.com\/en\/wp-json\/wp\/v2\/pages\/5857","targetHints":{"allow":["GET"]}}],"collection":[{"href":"https:\/\/medisur.devmwp.com\/en\/wp-json\/wp\/v2\/pages"}],"about":[{"href":"https:\/\/medisur.devmwp.com\/en\/wp-json\/wp\/v2\/types\/page"}],"author":[{"embeddable":true,"href":"https:\/\/medisur.devmwp.com\/en\/wp-json\/wp\/v2\/users\/2"}],"replies":[{"embeddable":true,"href":"https:\/\/medisur.devmwp.com\/en\/wp-json\/wp\/v2\/comments?post=5857"}],"version-history":[{"count":5,"href":"https:\/\/medisur.devmwp.com\/en\/wp-json\/wp\/v2\/pages\/5857\/revisions"}],"predecessor-version":[{"id":21979,"href":"https:\/\/medisur.devmwp.com\/en\/wp-json\/wp\/v2\/pages\/5857\/revisions\/21979"}],"wp:featuredmedia":[{"embeddable":true,"href":"https:\/\/medisur.devmwp.com\/en\/wp-json\/wp\/v2\/media\/3870"}],"wp:attachment":[{"href":"https:\/\/medisur.devmwp.com\/en\/wp-json\/wp\/v2\/media?parent=5857"}],"curies":[{"name":"wp","href":"https:\/\/api.w.org\/{rel}","templated":true}]}}