{"id":3298,"date":"2022-05-18T16:48:03","date_gmt":"2022-05-18T14:48:03","guid":{"rendered":"https:\/\/medisur.devmwp.com\/?post_type=product&#038;p=3298"},"modified":"2025-01-20T11:54:51","modified_gmt":"2025-01-20T10:54:51","slug":"autotest-cannabis-urinaire","status":"publish","type":"product","link":"https:\/\/medisur.devmwp.com\/en\/product\/autotest-cannabis-urinaire\/","title":{"rendered":"Urine test <\/br>Cannabis"},"content":{"rendered":"<p><span style=\"color: #5f9444;\"><strong>BIOLOGY OF THE URINARY CANNABIS SELF-TEST<\/strong><\/span><\/p>\n<p><span style=\"font-weight: 400;\">Cannabis is hallucinogenic and alters your sensory perception sensory perception, motor coordination and memory. Any kind of action requiring concentration is a risk, such as driving. Studies have shown that drivers who have used cannabis in the last 3 hours have a higher risk of an accident. The MEDISUR THC urine test detects cannabis in 5 minutes. This allows you to control yourself before driving or to adapt your consumption behavior. When a person has smoked, all of the chemicals will be eliminated in the urine. This is what the test will detect. This THC urine test is suitable for occasional and regular smokers. The first are detected from 2-5 days. The others can extend over several weeks (up to 10 weeks). Detecting cannabis use for weeks is the main advantage of the urine test.<\/span><\/p>\n<p>&nbsp;<\/p>\n<p><strong><span style=\"color: #5f9444;\">EPIDEMIOLOGY<\/span><\/strong><\/p>\n<p><span style=\"font-weight: 400;\">In 2014, 17 million people declared having taken cannabis in their lifetime, 4.6 million during the year, 1.4 million at least 10 times during the month and 700,000 daily.<\/span><\/p>\n<p>&nbsp;<\/p>\n<p><strong><span style=\"color: #5f9444;\">PRINCIPLE OF THE MEDISUR URINARY CANNABIS SELF-TEST<\/span><\/strong><\/p>\n<p><span style=\"font-weight: 400;\">The urinary cannabis self-test can detect cannabis from 30 minutes after consumption and over a long period of 2 to 7 days for occasional use, or even longer for regular users. The test is based on the use of antibodies speci\ufb01c for THC and its derivatives. The test is able to detect in the urine a concentration of 50\u00b5g\/L above which the result is positive.<\/span><\/p>\n<p>&nbsp;<\/p>\n<p><strong><span style=\"color: #5f9444;\">PURPOSE OF THE URINARY CANNABIS SELF-TEST<\/span><\/strong><\/p>\n<p><span style=\"font-weight: 400;\">The objective of this test is to detect cannabis consumption dating from 30 min to 7 days. <\/span><span style=\"font-weight: 400;\">It is not a tool allowing the user to avoid police checks. <\/span><span style=\"font-weight: 400;\">The consumption of cannabis, unlike alcohol, being prohibited in France, the tests of the gendarmerie detect &quot;the slightest trace&quot;. The driver exposes himself to heavy penal sanctions.<\/span><\/p>\n<p>&nbsp;<\/p>\n<p><strong><span style=\"color: #5f9444;\">WHO TO RECOMMEND THE MEDISUR URINARY CANNABIS SELF-TEST TO<\/span><\/strong><\/p>\n<p><span style=\"font-weight: 400;\">The patient wants to know if he is detectable with cannabis for an army or police competition for example. <\/span><span style=\"font-weight: 400;\">The patient wants to know if a relative\/their children use cannabis.<\/span><\/p>\n<p>&nbsp;<\/p>\n<p><strong><span style=\"color: #5f9444;\">PRECAUTIONS FOR USE<\/span><\/strong><\/p>\n<ol>\n<li><span style=\"font-weight: 400;\"> Do not swallow the test.<\/span><\/li>\n<li><span style=\"font-weight: 400;\"> Read the instructions carefully before doing the test.<\/span><\/li>\n<li><span style=\"font-weight: 400;\"> Store between 2\u00b0C and 30\u00b0C. Do not freeze.<\/span><\/li>\n<li><span style=\"font-weight: 400;\"> Do not use after the expiration date or if the pouch is damaged.<\/span><\/li>\n<li><span style=\"font-weight: 400;\"> Keep out of reach of children.<\/span><\/li>\n<li><span style=\"font-weight: 400;\"> After use, discard all components.<\/span><\/li>\n<\/ol>\n<p><span style=\"font-weight: 400;\">The test can be performed at any time of the day. Attention, for a regular consumer, it is advisable to wait at least 24 hours after the last consumption to drive and that the saliva test of the gendarmerie is negative.<\/span><\/p>\n<p>&nbsp;<\/p>\n<p><strong><span style=\"color: #5f9444;\">PACKAGE PACKAGING<\/span><\/strong><\/p>\n<ul>\n<li style=\"font-weight: 400;\" aria-level=\"1\"><span style=\"font-weight: 400;\">2 sachets each containing: 1 screening device, 1 pipette and 1 desiccant<\/span><\/li>\n<li style=\"font-weight: 400;\" aria-level=\"1\"><span style=\"font-weight: 400;\">1 instruction manual<\/span><\/li>\n<\/ul>\n<p><span style=\"font-weight: 400;\">Do not open the desiccant<\/span><\/p>\n<p>&nbsp;<\/p>\n<p><span style=\"color: #5f9444;\"><strong>INTERPRETATION OF THE RESULT<\/strong><\/span><\/p>\n<p><span style=\"font-weight: 400;\">Reading the result after 5 minutes:<\/span><\/p>\n<p><img decoding=\"async\" class=\"wp-image-2060 size-full aligncenter\" src=\"https:\/\/pharmacie.medisur.fr\/wp-content\/uploads\/2020\/08\/result_canna_posi.png\" alt=\"\" width=\"49\" height=\"112\" \/><\/p>\n<p><strong>POSITIVE<\/strong><\/p>\n<p><span style=\"font-weight: 400;\">The test is positive when a band appears next to next to C (Control) and not next to T (Test). This means that the urine contains cannabis at a level higher than the legal threshold. You should not perform actions requiring attention or concentration, such as driving.<\/span><\/p>\n<p><img decoding=\"async\" class=\"wp-image-2059 size-full aligncenter\" src=\"https:\/\/pharmacie.medisur.fr\/wp-content\/uploads\/2020\/08\/result_canna_neg.png\" alt=\"\" width=\"53\" height=\"113\" \/><\/p>\n<p><strong>NEGATIVE<\/strong><\/p>\n<p><span style=\"font-weight: 400;\">The test is negative when a band appears next to C (Control) and also next to T (Test). This implies that the urine does not contain cannabis or at least below the legal threshold (50ng\/l). The intensity of the T band can be lighter than C. This will not change the result.<\/span><\/p>\n<p><img decoding=\"async\" class=\"wp-image-2058 size-full aligncenter\" src=\"https:\/\/pharmacie.medisur.fr\/wp-content\/uploads\/2020\/08\/result_canna_inv.png\" alt=\"\" width=\"113\" height=\"108\" \/><\/p>\n<p><strong>INVALID<\/strong><\/p>\n<p><span style=\"font-weight: 400;\">The test is invalid when there is no strip next to C (Control). This often happens when the patient does not fully follow the instructions. Read the instructions and do another test.<\/span><\/p>","protected":false},"excerpt":{"rendered":"<p>The urinary cannabis self-test is an effective, simple and quick test to use. It detects the presence of Cannabis in the body through a urine sample. The test can detect THC over a period of 30 minutes to 7 days after consumption.<\/p>\n<p>&nbsp;<\/p>\n<p>&nbsp;<\/p>\n<ul>\n<li><strong><strong>Quick and easy interpretation<\/strong><\/strong><\/li>\n<li><strong><strong>Easy to use<\/strong><\/strong><\/li>\n<li><strong><strong>Reliable results in 5 minutes<\/strong><\/strong><\/li>\n<li><strong><strong>Designed in the lab<\/strong><\/strong><\/li>\n<\/ul>\n<p>&nbsp;<\/p>\n<p>&nbsp;<\/p>\n<p>&nbsp;<\/p>\n<p>Bo\u00eete de 2 tests. T\u00e9l\u00e9charger la [download id=\u00a0\u00bb19500&Prime;].<\/p>","protected":false},"featured_media":19491,"comment_status":"closed","ping_status":"closed","template":"elementor_header_footer","meta":{"_acf_changed":false},"product_brand":[],"product_cat":[81],"product_tag":[104,114,116,111,115],"class_list":{"0":"post-3298","1":"product","2":"type-product","3":"status-publish","4":"has-post-thumbnail","6":"product_cat-gamme-psychotropes","7":"product_tag-autotest","8":"product_tag-cannabis","9":"product_tag-drogue","10":"product_tag-psychotropes","11":"product_tag-test-urinaire","13":"first","14":"instock","15":"taxable","16":"shipping-taxable","17":"purchasable","18":"product-type-simple"},"acf":[],"_links":{"self":[{"href":"https:\/\/medisur.devmwp.com\/en\/wp-json\/wp\/v2\/product\/3298","targetHints":{"allow":["GET"]}}],"collection":[{"href":"https:\/\/medisur.devmwp.com\/en\/wp-json\/wp\/v2\/product"}],"about":[{"href":"https:\/\/medisur.devmwp.com\/en\/wp-json\/wp\/v2\/types\/product"}],"replies":[{"embeddable":true,"href":"https:\/\/medisur.devmwp.com\/en\/wp-json\/wp\/v2\/comments?post=3298"}],"version-history":[{"count":25,"href":"https:\/\/medisur.devmwp.com\/en\/wp-json\/wp\/v2\/product\/3298\/revisions"}],"predecessor-version":[{"id":19517,"href":"https:\/\/medisur.devmwp.com\/en\/wp-json\/wp\/v2\/product\/3298\/revisions\/19517"}],"wp:featuredmedia":[{"embeddable":true,"href":"https:\/\/medisur.devmwp.com\/en\/wp-json\/wp\/v2\/media\/19491"}],"wp:attachment":[{"href":"https:\/\/medisur.devmwp.com\/en\/wp-json\/wp\/v2\/media?parent=3298"}],"wp:term":[{"taxonomy":"product_brand","embeddable":true,"href":"https:\/\/medisur.devmwp.com\/en\/wp-json\/wp\/v2\/product_brand?post=3298"},{"taxonomy":"product_cat","embeddable":true,"href":"https:\/\/medisur.devmwp.com\/en\/wp-json\/wp\/v2\/product_cat?post=3298"},{"taxonomy":"product_tag","embeddable":true,"href":"https:\/\/medisur.devmwp.com\/en\/wp-json\/wp\/v2\/product_tag?post=3298"}],"curies":[{"name":"wp","href":"https:\/\/api.w.org\/{rel}","templated":true}]}}