{"id":3338,"date":"2022-05-18T17:18:25","date_gmt":"2022-05-18T15:18:25","guid":{"rendered":"https:\/\/medisur.devmwp.com\/?post_type=product&#038;p=3338"},"modified":"2025-01-20T11:55:45","modified_gmt":"2025-01-20T10:55:45","slug":"autotest-nicotine-salivaire","status":"publish","type":"product","link":"https:\/\/medisur.devmwp.com\/en\/product\/autotest-nicotine-salivaire\/","title":{"rendered":"Saliva test <\/br>Nicotine"},"content":{"rendered":"<p><span style=\"color: #d89d16;\"><b>BIOLOGY <\/b><\/span><span style=\"color: #d89d16;\"><b>SALIVARY NICOTINE SELF-TEST<\/b><\/span><\/p>\n<p><span style=\"font-weight: 400;\">Nicotine, an alkaloid naturally present in the tobacco leaf, is a powerful psychostimulant substance responsible for the phenomena of tobacco addiction.<\/span><\/p>\n<p><span style=\"color: #d89d16;\"><b>EPIDEMIOLOGY <\/b><\/span><span style=\"color: #d89d16;\"><b>SALIVARY NICOTINE SELF-TEST<\/b><\/span><\/p>\n<p><span style=\"font-weight: 400;\">In 2015, the number of tobacco-related deaths was 75,000. In 2017, the number of smokers decreased by one million.<\/span><\/p>\n<p><span style=\"color: #d89d16;\"><b>PRINCIPLE OF THE SALIVARY NICOTINE SELF-TEST<\/b><\/span><\/p>\n<p><span style=\"font-weight: 400;\">The MEDISUR salivary nicotine self-test is a speci\ufb01c immunochromatographic test that detects the presence of cotinine (primary metabolite of nicotine) in a saliva sample. It has a cotinine detection threshold of 20 ng\/mL. <\/span><span style=\"font-weight: 400;\">The test can be positive up to 4 days after the last cigarette.<\/span><\/p>\n<p><span style=\"color: #d89d16;\"><b>PURPOSE OF THE SALIVARY NICOTINE SELF-TEST<\/b><\/span><\/p>\n<p><span style=\"font-weight: 400;\">The purpose of this test is to detect the presence of cotinine (primary metabolite of nicotine). The threshold of 20 ng\/mL generally makes it possible to separate passive and active smoking. On the other hand, due to the inter-individual variability and the assimilated quantity, a highly exposed passive smoker may present a positive test and conversely, a very occasional smoker may present a negative test.<\/span><\/p>\n<p><span style=\"color: #d89d16;\"><b>WHO TO RECOMMEND THE SALIVARY NICOTINE SELF-TEST TO<\/b><\/span><\/p>\n<ul>\n<li style=\"font-weight: 400;\" aria-level=\"1\"><span style=\"font-weight: 400;\">For parents who want to monitor their child.<\/span><\/li>\n<li style=\"font-weight: 400;\" aria-level=\"1\"><span style=\"font-weight: 400;\">For those who wish to follow their progress in quitting smoking.<\/span><\/li>\n<\/ul>\n<p><span style=\"color: #d89d16;\"><b>PRECAUTIONS FOR USE<\/b><\/span><\/p>\n<p><span style=\"font-weight: 400;\">Do not eat, smoke or drink for 10 minutes before taking the test.<\/span><\/p>\n<ol>\n<li><span style=\"font-weight: 400;\"> This test is intended for external use only. DO NOT SWALLOW.<\/span><\/li>\n<li><span style=\"font-weight: 400;\"> Read the instruction manual carefully before performing the test. The test can only be interpreted if the instructions for use are scrupulously respected. Respect the times indicated.<\/span><\/li>\n<li><span style=\"font-weight: 400;\"> Store between +2\u00b0C and +30\u00b0C. Do not freeze.<\/span><\/li>\n<li><span style=\"font-weight: 400;\">Do not use after the expiry date printed on the label and on the protective sachet, or if the latter is damaged.<\/span><\/li>\n<li><span style=\"font-weight: 400;\"> Do not reuse this test.<\/span><\/li>\n<li><span style=\"font-weight: 400;\"> Keep out of reach of children.<\/span><\/li>\n<li><span style=\"font-weight: 400;\"> After use, dispose of all components in the trash.<\/span><\/li>\n<\/ol>\n<p><span style=\"color: #d89d16;\"><b>PACKAGE PACKAGING<\/b><\/span><\/p>\n<p><span style=\"font-weight: 400;\">The box contains the necessary equipment for a test:<\/span><\/p>\n<p><span style=\"font-weight: 400;\">\u2013 1 hermetically sealed aluminum bag containing <\/span><span style=\"font-weight: 400;\">1 screening device and 1 anti-moisture bag.<\/span><\/p>\n<p><span style=\"font-weight: 400;\">- Instructions for use<\/span><\/p>\n<p><span style=\"font-weight: 400;\">\u2013 1 dematerialized accompanying booklet<\/span><\/p>\n<p><span style=\"font-weight: 400;\">Only open the foil pouch when using the test.\u00a0<\/span><\/p>\n<p><span style=\"font-weight: 400;\">The anti-moisture bag should not be used.<\/span><\/p>\n<p><span style=\"color: #d89d16;\"><b>INTERPRETATION OF THE RESULT<\/b><\/span><\/p>\n<p><img decoding=\"async\" class=\"aligncenter wp-image-2065 size-full\" src=\"https:\/\/pharmacie.medisur.fr\/wp-content\/uploads\/2021\/10\/nicotine_results.png\" alt=\"r\u00e9sultat positif autotest nicotine salivaire\" width=\"47\" height=\"111\" \/><\/p>\n<p><strong>POSITIVE<\/strong><\/p>\n<p><span style=\"font-weight: 400;\">The test is positive when a band appears in the reading window next to the C marker (control) and no band appears at the T marker. This means that the saliva contains a cotinine concentration which is above the detection threshold.<\/span><\/p>\n<p><img decoding=\"async\" class=\"aligncenter wp-image-2064 size-full\" src=\"https:\/\/pharmacie.medisur.fr\/wp-content\/uploads\/2021\/10\/nicotine_2.png\" alt=\"r\u00e9sultat n\u00e9gatif autotest nicotine salivaire\" width=\"105\" height=\"115\" \/><\/p>\n<p><strong>NEGATIVE<\/strong><\/p>\n<p><span style=\"font-weight: 400;\">The test is negative when a band appears in the reading window next to the C mark (control) and a band appears at the T mark. This means that the saliva does not contain cotinine or contains a concentration of it. below the detection threshold. <\/span><span style=\"font-weight: 400;\">The intensity of the T line can vary depending on the cotinine concentration. Regardless of the intensity, the test will be negative.<\/span><\/p>\n<p><img decoding=\"async\" class=\"aligncenter wp-image-2063 size-full\" src=\"https:\/\/pharmacie.medisur.fr\/wp-content\/uploads\/2021\/10\/invalide_nictotine.png\" alt=\"r\u00e9sultat invalide autotest nicotine salivaire\" width=\"110\" height=\"114\" \/><\/p>\n<p><strong>INVALID<\/strong><\/p>\n<p><span style=\"font-weight: 400;\">The test is invalid when the control band (mark C) does not appear. Most often, this occurs when the patient does not follow the directions in the package insert. <\/span><span style=\"font-weight: 400;\">Read the instructions carefully and start over with a new screening test.<\/span><\/p>","protected":false},"excerpt":{"rendered":"<p>The Salivary Nicotine AUTOTEST is a test that detects the presence of cotinine and nicotine in a saliva sample. The test can be positive up to 4 days after the last cigarette.<\/p>\n<p>&nbsp;<\/p>\n<p>&nbsp;<\/p>\n<ul>\n<li><strong><strong>Quick and easy interpretation<\/strong><\/strong><\/li>\n<li><strong><strong>Easy to use<\/strong><\/strong><\/li>\n<li><strong><strong>Reliable at 98.3%<\/strong><\/strong><\/li>\n<li><strong><strong>Result in 10 minutes<\/strong><\/strong><\/li>\n<\/ul>\n<p>&nbsp;<\/p>\n<p>&nbsp;<\/p>\n<p>&nbsp;<\/p>\n<p>Bo\u00eete unitaire. T\u00e9l\u00e9charger la [download id=\u00a0\u00bb19503&Prime;].<\/p>","protected":false},"featured_media":19486,"comment_status":"closed","ping_status":"closed","template":"elementor_header_footer","meta":{"_acf_changed":false},"product_brand":[],"product_cat":[81],"product_tag":[104,113,119,112],"class_list":{"0":"post-3338","1":"product","2":"type-product","3":"status-publish","4":"has-post-thumbnail","6":"product_cat-gamme-psychotropes","7":"product_tag-autotest","8":"product_tag-nicotine","9":"product_tag-salivaire","10":"product_tag-tabac","12":"first","13":"instock","14":"taxable","15":"shipping-taxable","16":"purchasable","17":"product-type-simple"},"acf":[],"_links":{"self":[{"href":"https:\/\/medisur.devmwp.com\/en\/wp-json\/wp\/v2\/product\/3338","targetHints":{"allow":["GET"]}}],"collection":[{"href":"https:\/\/medisur.devmwp.com\/en\/wp-json\/wp\/v2\/product"}],"about":[{"href":"https:\/\/medisur.devmwp.com\/en\/wp-json\/wp\/v2\/types\/product"}],"replies":[{"embeddable":true,"href":"https:\/\/medisur.devmwp.com\/en\/wp-json\/wp\/v2\/comments?post=3338"}],"version-history":[{"count":17,"href":"https:\/\/medisur.devmwp.com\/en\/wp-json\/wp\/v2\/product\/3338\/revisions"}],"predecessor-version":[{"id":19518,"href":"https:\/\/medisur.devmwp.com\/en\/wp-json\/wp\/v2\/product\/3338\/revisions\/19518"}],"wp:featuredmedia":[{"embeddable":true,"href":"https:\/\/medisur.devmwp.com\/en\/wp-json\/wp\/v2\/media\/19486"}],"wp:attachment":[{"href":"https:\/\/medisur.devmwp.com\/en\/wp-json\/wp\/v2\/media?parent=3338"}],"wp:term":[{"taxonomy":"product_brand","embeddable":true,"href":"https:\/\/medisur.devmwp.com\/en\/wp-json\/wp\/v2\/product_brand?post=3338"},{"taxonomy":"product_cat","embeddable":true,"href":"https:\/\/medisur.devmwp.com\/en\/wp-json\/wp\/v2\/product_cat?post=3338"},{"taxonomy":"product_tag","embeddable":true,"href":"https:\/\/medisur.devmwp.com\/en\/wp-json\/wp\/v2\/product_tag?post=3338"}],"curies":[{"name":"wp","href":"https:\/\/api.w.org\/{rel}","templated":true}]}}